{"id":1967,"date":"2016-10-25T17:32:11","date_gmt":"2016-10-25T15:32:11","guid":{"rendered":"https:\/\/www.hotelfantasy.it\/fr\/home-page\/"},"modified":"2017-01-30T17:49:18","modified_gmt":"2017-01-30T16:49:18","slug":"home-page","status":"publish","type":"page","link":"https:\/\/www.hotelfantasy.it\/fr\/","title":{"rendered":"Park assur prive, TV-SAT dans la chambre gratis"},"content":{"rendered":"<p>Apr\u00e8s d&rsquo;importantns travaux de r\u00e9novation de l&rsquo;H\u00f4tel nous avons m\u00e9rit\u00e9 la troisi\u00e8me \u00e9toile. Nous vous proposons une s\u00e9rie d&rsquo;images des r\u00e9sultats obtenus. Durant le nouveau Mill\u00e9naire nous continuerons \u00e0 nous am\u00e9liorer pour \u00eatre toujours \u00e0 l&rsquo;avangarde et pour satisfaire encore davantage vos exigences. Position centrale et tranquille, \u00e0 50 m\u00e8tres de la mer. Toutes les chambres avec salle de bains ou douche, WC priv\u00e9s, t\u00e8l\u00e8phone direct et balcon avec vue sur la mer. Ascenseur. Salle \u00e0 manger climatis\u00e9e. terrasse au premier \u00e9tage pour le petit d\u00e9jeuner. Salon. Bar. TV. Grand jardin avec parking priv\u00e9. Cabines priv\u00e9es \u00e0 la plage. La cuisine de la Romagne est particul\u00e8rement soign\u00e9e. L&rsquo;Hospitalit\u00e9 la plus cordiale est garantie par les propri\u00e9taires qui dirigent la maison depuis trente ans. AUTO PARKING.<\/p>\n<p>&nbsp;<\/p>\n","protected":false},"excerpt":{"rendered":"<p>Apr\u00e8s d&rsquo;importantns travaux de r\u00e9novation de l&rsquo;H\u00f4tel nous avons m\u00e9rit\u00e9 la troisi\u00e8me \u00e9toile. Nous vous proposons une s\u00e9rie d&rsquo;images des r\u00e9sultats obtenus. Durant le nouveau Mill\u00e9naire nous continuerons \u00e0 nous am\u00e9liorer pour \u00eatre toujours \u00e0 l&rsquo;avangarde et pour satisfaire encore davantage vos exigences. Position centrale et tranquille, \u00e0 50 m\u00e8tres de la mer. Toutes les chambres avec salle de bains ou douche, WC priv\u00e9s, t\u00e8l\u00e8phone direct et balcon avec vue &#8230;<\/p>\n","protected":false},"author":1,"featured_media":0,"parent":0,"menu_order":0,"comment_status":"closed","ping_status":"closed","template":"","meta":[],"class_list":["post-1967","page","type-page","status-publish","hentry"],"_links":{"self":[{"href":"https:\/\/www.hotelfantasy.it\/fr\/wp-json\/wp\/v2\/pages\/1967","targetHints":{"allow":["GET"]}}],"collection":[{"href":"https:\/\/www.hotelfantasy.it\/fr\/wp-json\/wp\/v2\/pages"}],"about":[{"href":"https:\/\/www.hotelfantasy.it\/fr\/wp-json\/wp\/v2\/types\/page"}],"author":[{"embeddable":true,"href":"https:\/\/www.hotelfantasy.it\/fr\/wp-json\/wp\/v2\/users\/1"}],"replies":[{"embeddable":true,"href":"https:\/\/www.hotelfantasy.it\/fr\/wp-json\/wp\/v2\/comments?post=1967"}],"version-history":[{"count":0,"href":"https:\/\/www.hotelfantasy.it\/fr\/wp-json\/wp\/v2\/pages\/1967\/revisions"}],"wp:attachment":[{"href":"https:\/\/www.hotelfantasy.it\/fr\/wp-json\/wp\/v2\/media?parent=1967"}],"curies":[{"name":"wp","href":"https:\/\/api.w.org\/{rel}","templated":true}]}}