{"id":1968,"date":"2016-10-25T17:32:11","date_gmt":"2016-10-25T15:32:11","guid":{"rendered":"https:\/\/www.hotelfantasy.it\/de\/home-page\/"},"modified":"2017-01-30T17:50:39","modified_gmt":"2017-01-30T16:50:39","slug":"home-page","status":"publish","type":"page","link":"https:\/\/www.hotelfantasy.it\/de\/","title":{"rendered":"Swimming Pool &#8211; Jacuzzi"},"content":{"rendered":"<p>Nach wichtigen Renovierungsarbeiten in unserem Hotel haben wir uns 3 Sterne verdient. Hier zeigen wir Ihnen eine Serie von Bildern der gelungen Ergebnisse. Im neuen Jahrtausend werden wir weiter versuchen uns zu verbessern, immer weitere Fortschritte machen um Ihren Bed\u00fcrfnissen immer besser entgegen zu kommen. Ruhig und zentral gelegen, 50 m zum Meer. Alle Zimmer haben Bad oder Dusche und WC, Telefon mit Direktwahl und Balkon mit Meeresblick. Lift. Klimatisierter Speisesaal. Fr\u00fchst\u00fccksterrasse im 1. Stock. Aufenthaltsraum, Bar, TV. Gro\u00dfer Garten mit Privatparkplatz. Eigene Kabinen am Strand. Besonders gepflegte romagnolische K\u00fcche. Die Gastfreundlichkeit wird von den Besitzern garantiert, die das Hotel bereits seit 30 Jahren f\u00fchren. AUTO PARKING.<\/p>\n<p>&nbsp;<\/p>\n","protected":false},"excerpt":{"rendered":"<p>Nach wichtigen Renovierungsarbeiten in unserem Hotel haben wir uns 3 Sterne verdient. Hier zeigen wir Ihnen eine Serie von Bildern der gelungen Ergebnisse. Im neuen Jahrtausend werden wir weiter versuchen uns zu verbessern, immer weitere Fortschritte machen um Ihren Bed\u00fcrfnissen immer besser entgegen zu kommen. Ruhig und zentral gelegen, 50 m zum Meer. Alle Zimmer haben Bad oder Dusche und WC, Telefon mit Direktwahl und Balkon mit Meeresblick. Lift. Klimatisierter &#8230;<\/p>\n","protected":false},"author":1,"featured_media":0,"parent":0,"menu_order":0,"comment_status":"closed","ping_status":"closed","template":"","meta":[],"class_list":["post-1968","page","type-page","status-publish","hentry"],"_links":{"self":[{"href":"https:\/\/www.hotelfantasy.it\/de\/wp-json\/wp\/v2\/pages\/1968","targetHints":{"allow":["GET"]}}],"collection":[{"href":"https:\/\/www.hotelfantasy.it\/de\/wp-json\/wp\/v2\/pages"}],"about":[{"href":"https:\/\/www.hotelfantasy.it\/de\/wp-json\/wp\/v2\/types\/page"}],"author":[{"embeddable":true,"href":"https:\/\/www.hotelfantasy.it\/de\/wp-json\/wp\/v2\/users\/1"}],"replies":[{"embeddable":true,"href":"https:\/\/www.hotelfantasy.it\/de\/wp-json\/wp\/v2\/comments?post=1968"}],"version-history":[{"count":0,"href":"https:\/\/www.hotelfantasy.it\/de\/wp-json\/wp\/v2\/pages\/1968\/revisions"}],"wp:attachment":[{"href":"https:\/\/www.hotelfantasy.it\/de\/wp-json\/wp\/v2\/media?parent=1968"}],"curies":[{"name":"wp","href":"https:\/\/api.w.org\/{rel}","templated":true}]}}